{"id":609,"date":"2019-06-10T14:43:56","date_gmt":"2019-06-10T14:43:56","guid":{"rendered":"https:\/\/hettwentspensioenbureau.mk-dev.nl\/werknemer\/"},"modified":"2024-07-08T06:50:31","modified_gmt":"2024-07-08T06:50:31","slug":"warknemmers","status":"publish","type":"page","link":"https:\/\/www.hettwentspensioenbureau.nl\/twe\/pesjoenadvies\/warknemmers\/","title":{"rendered":"Werknemer"},"content":{"rendered":"<div class=\"mk_sectie\"\n          >\n     \n      \n            <div class=\"mk_rij mk_rij_kolom_1\"\n                >\n    \n                \n        <div class=\"mk_kolom mk_kolom_1 mk_kolom_1_1\"\n                  >\n                \n            \n      \t<div class=\"mk_module mk_titel\">\n      <div class=\"mk_titel_inner\">\n\t<h1>Pesjoenadvies veur warknemmers<\/h1>      <\/div>\n    <\/div> <!-- mk_module -->\n  \n      \n      \n              <\/div>\n          <\/div> <!-- mk_rij -->\n      <div class=\"mk_rij mk_rij_kolom_2\"\n                >\n    \n                \n        <div class=\"mk_kolom mk_kolom_2 mk_kolom_1_2\"\n                  >\n                \n            \n      \t<div class=\"mk_module mk_tekst\">\n      <div class=\"mk_tekst_inner\">\n<p>Wonneer wi\u2019k met pesjoen? He\u2019k dan genog te verteeren? En hoe geet dat dan a\u2019k oet de tied kom? Wat blif d\u2019r dan oawer veur mien partner en oonze keender? <br \/>Zoo mer wat vroagen oet et leawen van alledag. En dat kleenkt oe vertrouwd in de oorn. Vaake is d\u2019r vanoet de oawerheajd of deur oew warkgeewer wal et een en aander e-reegeld. Mer dat is niks vanz\u00f6lfsprekkends!<\/p>\n<p>Mer boeten dat: zee verwocht van oe da\u2019j op tied en plaatse bepoalde keuzes maakt. <br \/>Mer hoe do\u00f4\u2019j det dan? Et Twents Pensioenbureau is geern oew steun en to\u00f4verloat um oe te heelpen biej \u2019t maaken van dee keuzes. En dat do\u00f4\u2019w met \u2018n \u2018stappenplan\u2019: Oawerzich \u2013 inzich \u2013 vastigheajd.<\/p>\n<p>He\u2019j deel e-n\u00f6mmen in meer dan \u00e9\u00e9n pesjoenreegeling? Da\u2019s ok gin prebleem. Et Twents Pensioenbureau zet et almoal seempel en kloar veur oe op pepier.<\/p>\n<\/div>\n    <\/div> <!-- mk_module -->\n            <\/div>  \n\n    \n    <div class=\"mk_kolom mk_kolom_2 mk_kolom_1_2\"\n        >\n      \n        \t<div class=\"mk_module mk_tekst\">\n      <div class=\"mk_tekst_inner\">\n<p>Mer wiej geewt ok nog advies as et geet um besundere situaasies:<\/p>\n<ul>\n<li>Ankoop van pesjoen vanoet nen premiereegeling (advies biej \u2019t zeuken en al dan nit verdan\u00a0\u00a0 beleggen noa de pesjoendoatum)<\/li>\n<li>Echskeajding en pesjoen<\/li>\n<li>Weerde-oawerdrach van pesjoen(en)<\/li>\n<li>Pesjoen oetstellen of vervroggen<\/li>\n<li>Deeltiedpesjoen<\/li>\n<li>Umtoesken van pesjoen (partnerpesjoen umtoesken veur ekstra oalderdomspesjoen of aandersum)<\/li>\n<li>Pesjoen biej oontslag (al dan nit vriejwillig deurgoan tiedens de ww-tied)<\/li>\n<\/ul>\n<\/div>\n    <\/div> <!-- mk_module -->\n  \n      \n      \n              <\/div>\n          <\/div> <!-- mk_rij -->\n        \n          <\/div> <!-- mk_sectie -->\n      <div class=\"mk_sectie qoute nopaddingtop nopadding\"\n          >\n     \n      \n            <div class=\"mk_rij mk_rij_kolom_1\"\n                >\n    \n                \n        <div class=\"mk_kolom mk_kolom_1 mk_kolom_1_1\"\n                  >\n                \n            \n      \t<div class=\"mk_module mk_tekst\">\n      <div class=\"mk_tekst_inner\">\n<p>A\u2019j \u2019t eerste knoopsgat mist, krie\u2019j \u2019n jas scheef an.<\/p>\n<\/div>\n    <\/div> <!-- mk_module -->\n  \n      \n      \n              <\/div>\n          <\/div> <!-- mk_rij -->\n        \n          <\/div> <!-- mk_sectie -->\n  ","protected":false},"excerpt":{"rendered":"<p>Pesjoenadvies veur warknemmers Wonneer wi\u2019k met pesjoen? He\u2019k dan genog te verteeren? En hoe geet dat dan a\u2019k oet de tied kom? Wat blif d\u2019r dan oawer veur mien partner en oonze keender? Zoo mer wat vroagen oet et leawen van alledag. En dat kleenkt oe vertrouwd in de oorn. Vaake is d\u2019r vanoet de [&hellip;]<\/p>\n","protected":false},"author":1,"featured_media":0,"parent":617,"menu_order":0,"comment_status":"closed","ping_status":"closed","template":"","meta":{"_acf_changed":false,"inline_featured_image":false,"footnotes":""},"class_list":["post-609","page","type-page","status-publish","hentry"],"acf":[],"yoast_head":"<!-- This site is optimized with the Yoast SEO plugin v27.4 - https:\/\/yoast.com\/product\/yoast-seo-wordpress\/ -->\n<title>Werknemer - Het Twents Pensioenbureau<\/title>\n<meta name=\"robots\" content=\"index, follow, max-snippet:-1, max-image-preview:large, max-video-preview:-1\" \/>\n<link rel=\"canonical\" href=\"https:\/\/www.hettwentspensioenbureau.nl\/twe\/pesjoenadvies\/warknemmers\/\" \/>\n<meta property=\"og:locale\" content=\"en_US\" \/>\n<meta property=\"og:type\" content=\"article\" \/>\n<meta property=\"og:title\" content=\"Werknemer - Het Twents Pensioenbureau\" \/>\n<meta property=\"og:description\" content=\"Pesjoenadvies veur warknemmers Wonneer wi\u2019k met pesjoen? He\u2019k dan genog te verteeren? En hoe geet dat dan a\u2019k oet de tied kom? Wat blif d\u2019r dan oawer veur mien partner en oonze keender? Zoo mer wat vroagen oet et leawen van alledag. En dat kleenkt oe vertrouwd in de oorn. Vaake is d\u2019r vanoet de [&hellip;]\" \/>\n<meta property=\"og:url\" content=\"https:\/\/www.hettwentspensioenbureau.nl\/twe\/pesjoenadvies\/warknemmers\/\" \/>\n<meta property=\"og:site_name\" content=\"Het Twents Pensioenbureau\" \/>\n<meta property=\"article:modified_time\" content=\"2024-07-08T06:50:31+00:00\" \/>\n<meta name=\"twitter:card\" content=\"summary_large_image\" \/>\n<meta name=\"twitter:label1\" content=\"Est. reading time\" \/>\n\t<meta name=\"twitter:data1\" content=\"2 minutes\" \/>\n<script type=\"application\/ld+json\" class=\"yoast-schema-graph\">{\"@context\":\"https:\\\/\\\/schema.org\",\"@graph\":[{\"@type\":\"WebPage\",\"@id\":\"https:\\\/\\\/www.hettwentspensioenbureau.nl\\\/twe\\\/pesjoenadvies\\\/warknemmers\\\/\",\"url\":\"https:\\\/\\\/www.hettwentspensioenbureau.nl\\\/twe\\\/pesjoenadvies\\\/warknemmers\\\/\",\"name\":\"Werknemer - Het Twents Pensioenbureau\",\"isPartOf\":{\"@id\":\"https:\\\/\\\/www.hettwentspensioenbureau.nl\\\/twe\\\/#website\"},\"datePublished\":\"2019-06-10T14:43:56+00:00\",\"dateModified\":\"2024-07-08T06:50:31+00:00\",\"breadcrumb\":{\"@id\":\"https:\\\/\\\/www.hettwentspensioenbureau.nl\\\/twe\\\/pesjoenadvies\\\/warknemmers\\\/#breadcrumb\"},\"inLanguage\":\"twe\",\"potentialAction\":[{\"@type\":\"ReadAction\",\"target\":[\"https:\\\/\\\/www.hettwentspensioenbureau.nl\\\/twe\\\/pesjoenadvies\\\/warknemmers\\\/\"]}]},{\"@type\":\"BreadcrumbList\",\"@id\":\"https:\\\/\\\/www.hettwentspensioenbureau.nl\\\/twe\\\/pesjoenadvies\\\/warknemmers\\\/#breadcrumb\",\"itemListElement\":[{\"@type\":\"ListItem\",\"position\":1,\"name\":\"Home\",\"item\":\"https:\\\/\\\/www.hettwentspensioenbureau.nl\\\/twe\\\/\"},{\"@type\":\"ListItem\",\"position\":2,\"name\":\"Pensioenadvies\",\"item\":\"https:\\\/\\\/www.hettwentspensioenbureau.nl\\\/twe\\\/pensioenadvies\\\/\"},{\"@type\":\"ListItem\",\"position\":3,\"name\":\"Werknemer\"}]},{\"@type\":\"WebSite\",\"@id\":\"https:\\\/\\\/www.hettwentspensioenbureau.nl\\\/twe\\\/#website\",\"url\":\"https:\\\/\\\/www.hettwentspensioenbureau.nl\\\/twe\\\/\",\"name\":\"Het Twents Pensioenbureau\",\"description\":\"\",\"potentialAction\":[{\"@type\":\"SearchAction\",\"target\":{\"@type\":\"EntryPoint\",\"urlTemplate\":\"https:\\\/\\\/www.hettwentspensioenbureau.nl\\\/twe\\\/?s={search_term_string}\"},\"query-input\":{\"@type\":\"PropertyValueSpecification\",\"valueRequired\":true,\"valueName\":\"search_term_string\"}}],\"inLanguage\":\"twe\"}]}<\/script>\n<!-- \/ Yoast SEO plugin. -->","yoast_head_json":{"title":"Werknemer - Het Twents Pensioenbureau","robots":{"index":"index","follow":"follow","max-snippet":"max-snippet:-1","max-image-preview":"max-image-preview:large","max-video-preview":"max-video-preview:-1"},"canonical":"https:\/\/www.hettwentspensioenbureau.nl\/twe\/pesjoenadvies\/warknemmers\/","og_locale":"en_US","og_type":"article","og_title":"Werknemer - Het Twents Pensioenbureau","og_description":"Pesjoenadvies veur warknemmers Wonneer wi\u2019k met pesjoen? He\u2019k dan genog te verteeren? En hoe geet dat dan a\u2019k oet de tied kom? Wat blif d\u2019r dan oawer veur mien partner en oonze keender? Zoo mer wat vroagen oet et leawen van alledag. En dat kleenkt oe vertrouwd in de oorn. Vaake is d\u2019r vanoet de [&hellip;]","og_url":"https:\/\/www.hettwentspensioenbureau.nl\/twe\/pesjoenadvies\/warknemmers\/","og_site_name":"Het Twents Pensioenbureau","article_modified_time":"2024-07-08T06:50:31+00:00","twitter_card":"summary_large_image","twitter_misc":{"Est. reading time":"2 minutes"},"schema":{"@context":"https:\/\/schema.org","@graph":[{"@type":"WebPage","@id":"https:\/\/www.hettwentspensioenbureau.nl\/twe\/pesjoenadvies\/warknemmers\/","url":"https:\/\/www.hettwentspensioenbureau.nl\/twe\/pesjoenadvies\/warknemmers\/","name":"Werknemer - Het Twents Pensioenbureau","isPartOf":{"@id":"https:\/\/www.hettwentspensioenbureau.nl\/twe\/#website"},"datePublished":"2019-06-10T14:43:56+00:00","dateModified":"2024-07-08T06:50:31+00:00","breadcrumb":{"@id":"https:\/\/www.hettwentspensioenbureau.nl\/twe\/pesjoenadvies\/warknemmers\/#breadcrumb"},"inLanguage":"twe","potentialAction":[{"@type":"ReadAction","target":["https:\/\/www.hettwentspensioenbureau.nl\/twe\/pesjoenadvies\/warknemmers\/"]}]},{"@type":"BreadcrumbList","@id":"https:\/\/www.hettwentspensioenbureau.nl\/twe\/pesjoenadvies\/warknemmers\/#breadcrumb","itemListElement":[{"@type":"ListItem","position":1,"name":"Home","item":"https:\/\/www.hettwentspensioenbureau.nl\/twe\/"},{"@type":"ListItem","position":2,"name":"Pensioenadvies","item":"https:\/\/www.hettwentspensioenbureau.nl\/twe\/pensioenadvies\/"},{"@type":"ListItem","position":3,"name":"Werknemer"}]},{"@type":"WebSite","@id":"https:\/\/www.hettwentspensioenbureau.nl\/twe\/#website","url":"https:\/\/www.hettwentspensioenbureau.nl\/twe\/","name":"Het Twents Pensioenbureau","description":"","potentialAction":[{"@type":"SearchAction","target":{"@type":"EntryPoint","urlTemplate":"https:\/\/www.hettwentspensioenbureau.nl\/twe\/?s={search_term_string}"},"query-input":{"@type":"PropertyValueSpecification","valueRequired":true,"valueName":"search_term_string"}}],"inLanguage":"twe"}]}},"_links":{"self":[{"href":"https:\/\/www.hettwentspensioenbureau.nl\/twe\/wp-json\/wp\/v2\/pages\/609","targetHints":{"allow":["GET"]}}],"collection":[{"href":"https:\/\/www.hettwentspensioenbureau.nl\/twe\/wp-json\/wp\/v2\/pages"}],"about":[{"href":"https:\/\/www.hettwentspensioenbureau.nl\/twe\/wp-json\/wp\/v2\/types\/page"}],"author":[{"embeddable":true,"href":"https:\/\/www.hettwentspensioenbureau.nl\/twe\/wp-json\/wp\/v2\/users\/1"}],"replies":[{"embeddable":true,"href":"https:\/\/www.hettwentspensioenbureau.nl\/twe\/wp-json\/wp\/v2\/comments?post=609"}],"version-history":[{"count":6,"href":"https:\/\/www.hettwentspensioenbureau.nl\/twe\/wp-json\/wp\/v2\/pages\/609\/revisions"}],"predecessor-version":[{"id":677,"href":"https:\/\/www.hettwentspensioenbureau.nl\/twe\/wp-json\/wp\/v2\/pages\/609\/revisions\/677"}],"up":[{"embeddable":true,"href":"https:\/\/www.hettwentspensioenbureau.nl\/twe\/wp-json\/wp\/v2\/pages\/617"}],"wp:attachment":[{"href":"https:\/\/www.hettwentspensioenbureau.nl\/twe\/wp-json\/wp\/v2\/media?parent=609"}],"curies":[{"name":"wp","href":"https:\/\/api.w.org\/{rel}","templated":true}]}}